{"id":6,"date":"2026-04-15T01:51:47","date_gmt":"2026-04-14T17:51:47","guid":{"rendered":"https:\/\/bymotorcar.com\/es\/cart\/"},"modified":"2026-05-07T23:21:33","modified_gmt":"2026-05-07T15:21:33","slug":"cart","status":"publish","type":"page","link":"https:\/\/bymotorcar.com\/es\/cart\/","title":{"rendered":"Cart"},"content":{"rendered":"\n<div data-block-name=\"woocommerce\/cart\" class=\"wp-block-woocommerce-cart alignwide is-loading\">\n<div data-block-name=\"woocommerce\/filled-cart-block\" class=\"wp-block-woocommerce-filled-cart-block\">\n<div data-block-name=\"woocommerce\/cart-items-block\" class=\"wp-block-woocommerce-cart-items-block\">\n<div data-block-name=\"woocommerce\/cart-line-items-block\" class=\"wp-block-woocommerce-cart-line-items-block\"><\/div>\n\n\n\n<div data-block-name=\"woocommerce\/cart-cross-sells-block\" class=\"wp-block-woocommerce-cart-cross-sells-block\">\n<h2 class=\"wp-block-heading has-large-font-size\">You may be interested in\u2026<\/h2>\n\n\n\n<div data-block-name=\"woocommerce\/cart-cross-sells-products-block\" class=\"wp-block-woocommerce-cart-cross-sells-products-block\"><\/div>\n<\/div>\n<\/div>\n\n\n\n<div data-block-name=\"woocommerce\/cart-totals-block\" class=\"wp-block-woocommerce-cart-totals-block\">\n<div data-block-name=\"woocommerce\/cart-order-summary-block\" class=\"wp-block-woocommerce-cart-order-summary-block\">\n<div data-block-name=\"woocommerce\/cart-order-summary-heading-block\" class=\"wp-block-woocommerce-cart-order-summary-heading-block\"><\/div><div data-block-name=\"woocommerce\/cart-order-summary-coupon-form-block\" class=\"wp-block-woocommerce-cart-order-summary-coupon-form-block\"><\/div><div data-block-name=\"woocommerce\/cart-order-summary-totals-block\" class=\"wp-block-woocommerce-cart-order-summary-totals-block\">\n<div data-block-name=\"woocommerce\/cart-order-summary-subtotal-block\" class=\"wp-block-woocommerce-cart-order-summary-subtotal-block\"><\/div>\n<div data-block-name=\"woocommerce\/cart-order-summary-discount-block\" class=\"wp-block-woocommerce-cart-order-summary-discount-block\"><\/div>\n<div data-block-name=\"woocommerce\/cart-order-summary-fee-block\" class=\"wp-block-woocommerce-cart-order-summary-fee-block\"><\/div>\n<div data-block-name=\"woocommerce\/cart-order-summary-shipping-block\" class=\"wp-block-woocommerce-cart-order-summary-shipping-block\"><\/div>\n<div data-block-name=\"woocommerce\/cart-order-summary-taxes-block\" class=\"wp-block-woocommerce-cart-order-summary-taxes-block\"><\/div><\/div>\n<\/div>\n\n\n\n<div data-block-name=\"woocommerce\/cart-express-payment-block\" class=\"wp-block-woocommerce-cart-express-payment-block\"><\/div>\n\n\n\n<div data-block-name=\"woocommerce\/proceed-to-checkout-block\" class=\"wp-block-woocommerce-proceed-to-checkout-block\"><\/div>\n\n\n\n<div data-block-name=\"woocommerce\/cart-accepted-payment-methods-block\" class=\"wp-block-woocommerce-cart-accepted-payment-methods-block\"><\/div>\n<\/div>\n<\/div>\n\n\n\n<div data-block-name=\"woocommerce\/empty-cart-block\" class=\"wp-block-woocommerce-empty-cart-block\">\n<h2 class=\"wp-block-heading has-text-align-center with-empty-cart-icon wc-block-cart__empty-cart__title\">Your cart is currently empty!<\/h2>\n\n\n\n<hr class=\"wp-block-separator has-alpha-channel-opacity is-style-dots\" \/>\n\n\n\n<h2 class=\"wp-block-heading has-text-align-center\">New in store<\/h2>\n\n\n<div data-block-name=\"woocommerce\/product-new\" data-columns=\"4\" data-rows=\"1\" class=\"wc-block-grid wp-block-product-new wp-block-woocommerce-product-new wc-block-product-new has-4-columns\"><ul class=\"wc-block-grid__products\"><li class=\"wc-block-grid__product\">\n\t\t\t\t<a href=\"https:\/\/bymotorcar.com\/es\/product\/2026-leapmotor-d19-1-5t-awd-precios-fob\/\" class=\"wc-block-grid__product-link\">\n\t\t\t\t\t\n\t\t\t\t\t<div class=\"wc-block-grid__product-image\"><img fetchpriority=\"high\" decoding=\"async\" width=\"300\" height=\"300\" src=\"https:\/\/bymotorcar.com\/es\/wp-content\/uploads\/sites\/3\/2026\/05\/2026-Leapmotor-D19-Exterior-1-300x300.webp\" class=\"attachment-woocommerce_thumbnail size-woocommerce_thumbnail\" alt=\"2026 Leapmotor D19 1.5T AWD - vista exterior frontal para exportaci\u00f3n mayorista\" srcset=\"https:\/\/bymotorcar.com\/es\/wp-content\/uploads\/sites\/3\/2026\/05\/2026-Leapmotor-D19-Exterior-1-300x300.webp 300w, https:\/\/bymotorcar.com\/es\/wp-content\/uploads\/sites\/3\/2026\/05\/2026-Leapmotor-D19-Exterior-1-150x150.webp 150w, https:\/\/bymotorcar.com\/es\/wp-content\/uploads\/sites\/3\/2026\/05\/2026-Leapmotor-D19-Exterior-1-100x100.webp 100w\" sizes=\"(max-width: 300px) 100vw, 300px\" \/><\/div>\n\t\t\t\t\t<div class=\"wc-block-grid__product-title\">2026 Leapmotor D19 1.5T AWD | Precios FOB<\/div>\n\t\t\t\t<\/a>\n\t\t\t\t<div class=\"wc-block-grid__product-price price\"><span class=\"woocommerce-Price-amount amount\"><span class=\"woocommerce-Price-currencySymbol\">&#036;<\/span>694,290,084.00<\/span><\/div>\n\t\t\t\t\n\t\t\t\t<div class=\"wp-block-button wc-block-grid__product-add-to-cart\"><a href=\"\/es\/wp-json\/wp\/v2\/pages\/6?add-to-cart=373\" aria-label=\"A\u00f1adir al carrito: &ldquo;2026 Leapmotor D19 1.5T AWD | Precios FOB&rdquo;\" data-quantity=\"1\" data-product_id=\"373\" data-product_sku=\"\" data-price=\"694290084\" rel=\"nofollow\" class=\"wp-block-button__link  add_to_cart_button ajax_add_to_cart\">A\u00f1adir al carrito<\/a><\/div>\n\t\t\t<\/li><li class=\"wc-block-grid__product\">\n\t\t\t\t<a href=\"https:\/\/bymotorcar.com\/es\/product\/2026-arcfox-alpha-s5-27-4kwh-rwd-exportacion-fob\/\" class=\"wc-block-grid__product-link\">\n\t\t\t\t\t\n\t\t\t\t\t<div class=\"wc-block-grid__product-image\"><img decoding=\"async\" width=\"300\" height=\"300\" src=\"https:\/\/bymotorcar.com\/es\/wp-content\/uploads\/sites\/3\/2026\/05\/2026-ARCFOX-Alpha-S5-Exterior-1-300x300.webp\" class=\"attachment-woocommerce_thumbnail size-woocommerce_thumbnail\" alt=\"2026-ARCFOX-Alpha-S5-Exterior-1\" srcset=\"https:\/\/bymotorcar.com\/es\/wp-content\/uploads\/sites\/3\/2026\/05\/2026-ARCFOX-Alpha-S5-Exterior-1-300x300.webp 300w, https:\/\/bymotorcar.com\/es\/wp-content\/uploads\/sites\/3\/2026\/05\/2026-ARCFOX-Alpha-S5-Exterior-1-150x150.webp 150w, https:\/\/bymotorcar.com\/es\/wp-content\/uploads\/sites\/3\/2026\/05\/2026-ARCFOX-Alpha-S5-Exterior-1-100x100.webp 100w\" sizes=\"(max-width: 300px) 100vw, 300px\" \/><\/div>\n\t\t\t\t\t<div class=\"wc-block-grid__product-title\">2026 ARCFOX Alpha S5 27.4KWH RWD | Exportaci\u00f3n FOB<\/div>\n\t\t\t\t<\/a>\n\t\t\t\t<div class=\"wc-block-grid__product-price price\"><span class=\"woocommerce-Price-amount amount\"><span class=\"woocommerce-Price-currencySymbol\">&#036;<\/span>694,290,084.00<\/span><\/div>\n\t\t\t\t\n\t\t\t\t<div class=\"wp-block-button wc-block-grid__product-add-to-cart\"><a href=\"\/es\/wp-json\/wp\/v2\/pages\/6?add-to-cart=360\" aria-label=\"A\u00f1adir al carrito: &ldquo;2026 ARCFOX Alpha S5 27.4KWH RWD | Exportaci\u00f3n FOB&rdquo;\" data-quantity=\"1\" data-product_id=\"360\" data-product_sku=\"\" data-price=\"694290084\" rel=\"nofollow\" class=\"wp-block-button__link  add_to_cart_button ajax_add_to_cart\">A\u00f1adir al carrito<\/a><\/div>\n\t\t\t<\/li><li class=\"wc-block-grid__product\">\n\t\t\t\t<a href=\"https:\/\/bymotorcar.com\/es\/product\/tank-500-sport-2023-412184\/\" class=\"wc-block-grid__product-link\">\n\t\t\t\t\t\n\t\t\t\t\t<div class=\"wc-block-grid__product-image\"><img decoding=\"async\" width=\"300\" height=\"300\" src=\"https:\/\/bymotorcar.com\/es\/wp-content\/uploads\/sites\/3\/2026\/05\/used20202320tank2050020sport203200t20awd20for20sale201-300x300.webp\" class=\"attachment-woocommerce_thumbnail size-woocommerce_thumbnail\" alt=\"SUV Chino Exportaci\u00f3n Mayorista | ByMotorcar\" srcset=\"https:\/\/bymotorcar.com\/es\/wp-content\/uploads\/sites\/3\/2026\/05\/used20202320tank2050020sport203200t20awd20for20sale201-300x300.webp 300w, https:\/\/bymotorcar.com\/es\/wp-content\/uploads\/sites\/3\/2026\/05\/used20202320tank2050020sport203200t20awd20for20sale201-150x150.webp 150w, https:\/\/bymotorcar.com\/es\/wp-content\/uploads\/sites\/3\/2026\/05\/used20202320tank2050020sport203200t20awd20for20sale201-100x100.webp 100w\" sizes=\"(max-width: 300px) 100vw, 300px\" \/><\/div>\n\t\t\t\t\t<div class=\"wc-block-grid__product-title\">2023 Tank 500 Sport usado 3.0T AWD en venta<\/div>\n\t\t\t\t<\/a>\n\t\t\t\t<div class=\"wc-block-grid__product-price price\"><span class=\"woocommerce-Price-amount amount\"><span class=\"woocommerce-Price-currencySymbol\">&#036;<\/span>694,290,084.00<\/span><\/div>\n\t\t\t\t\n\t\t\t\t<div class=\"wp-block-button wc-block-grid__product-add-to-cart\"><a href=\"\/es\/wp-json\/wp\/v2\/pages\/6?add-to-cart=345\" aria-label=\"A\u00f1adir al carrito: &ldquo;2023 Tank 500 Sport usado 3.0T AWD en venta&rdquo;\" data-quantity=\"1\" data-product_id=\"345\" data-product_sku=\"\" data-price=\"694290084\" rel=\"nofollow\" class=\"wp-block-button__link  add_to_cart_button ajax_add_to_cart\">A\u00f1adir al carrito<\/a><\/div>\n\t\t\t<\/li><li class=\"wc-block-grid__product\">\n\t\t\t\t<a href=\"https:\/\/bymotorcar.com\/es\/product\/volkswagen-lamando-l-280tsi-2023-834111\/\" class=\"wc-block-grid__product-link\">\n\t\t\t\t\t\n\t\t\t\t\t<div class=\"wc-block-grid__product-image\"><img loading=\"lazy\" decoding=\"async\" width=\"300\" height=\"300\" src=\"https:\/\/bymotorcar.com\/es\/wp-content\/uploads\/sites\/3\/2026\/05\/used20202320volkswagen20lamando20l20280tsi201204t20fwd201-300x300.webp\" class=\"attachment-woocommerce_thumbnail size-woocommerce_thumbnail\" alt=\"2023 Volkswagen Lamando L 280Tsi usado 1.4T FWD - Env\u00edo r\u00e1pido\" srcset=\"https:\/\/bymotorcar.com\/es\/wp-content\/uploads\/sites\/3\/2026\/05\/used20202320volkswagen20lamando20l20280tsi201204t20fwd201-300x300.webp 300w, https:\/\/bymotorcar.com\/es\/wp-content\/uploads\/sites\/3\/2026\/05\/used20202320volkswagen20lamando20l20280tsi201204t20fwd201-150x150.webp 150w, https:\/\/bymotorcar.com\/es\/wp-content\/uploads\/sites\/3\/2026\/05\/used20202320volkswagen20lamando20l20280tsi201204t20fwd201-100x100.webp 100w\" sizes=\"(max-width: 300px) 100vw, 300px\" \/><\/div>\n\t\t\t\t\t<div class=\"wc-block-grid__product-title\">2023 Volkswagen Lamando L 280Tsi usado 1.4T FWD &#8211; Env\u00edo r\u00e1pido<\/div>\n\t\t\t\t<\/a>\n\t\t\t\t<div class=\"wc-block-grid__product-price price\"><\/div>\n\t\t\t\t\n\t\t\t\t<div class=\"wp-block-button wc-block-grid__product-add-to-cart\"><a href=\"https:\/\/bymotorcar.com\/es\/product\/volkswagen-lamando-l-280tsi-2023-834111\/\" aria-label=\"Lee m\u00e1s sobre &ldquo;2023 Volkswagen Lamando L 280Tsi usado 1.4T FWD - Env\u00edo r\u00e1pido&rdquo;\" data-quantity=\"1\" data-product_id=\"307\" data-product_sku=\"\" data-price=\"0\" rel=\"nofollow\" class=\"wp-block-button__link  add_to_cart_button\">Leer m\u00e1s<\/a><\/div>\n\t\t\t<\/li><\/ul><\/div><\/div>\n<\/div>\n","protected":false},"excerpt":{"rendered":"","protected":false},"author":1,"featured_media":0,"parent":0,"menu_order":0,"comment_status":"closed","ping_status":"closed","template":"","meta":{"_acf_changed":false,"site-sidebar-layout":"default","site-content-layout":"","ast-site-content-layout":"","site-content-style":"default","site-sidebar-style":"default","ast-global-header-display":"","ast-banner-title-visibility":"","ast-main-header-display":"","ast-hfb-above-header-display":"","ast-hfb-below-header-display":"","ast-hfb-mobile-header-display":"","site-post-title":"","ast-breadcrumbs-content":"","ast-featured-img":"","footer-sml-layout":"","theme-transparent-header-meta":"","adv-header-id-meta":"","stick-header-meta":"","header-above-stick-meta":"","header-main-stick-meta":"","header-below-stick-meta":"","astra-migrate-meta-layouts":"default","ast-page-background-enabled":"default","ast-page-background-meta":{"desktop":{"background-color":"var(--ast-global-color-4)","background-image":"","background-repeat":"repeat","background-position":"center center","background-size":"auto","background-attachment":"scroll","background-type":"","background-media":"","overlay-type":"","overlay-color":"","overlay-opacity":"","overlay-gradient":""},"tablet":{"background-color":"","background-image":"","background-repeat":"repeat","background-position":"center center","background-size":"auto","background-attachment":"scroll","background-type":"","background-media":"","overlay-type":"","overlay-color":"","overlay-opacity":"","overlay-gradient":""},"mobile":{"background-color":"","background-image":"","background-repeat":"repeat","background-position":"center center","background-size":"auto","background-attachment":"scroll","background-type":"","background-media":"","overlay-type":"","overlay-color":"","overlay-opacity":"","overlay-gradient":""}},"ast-content-background-meta":{"desktop":{"background-color":"var(--ast-global-color-5)","background-image":"","background-repeat":"repeat","background-position":"center center","background-size":"auto","background-attachment":"scroll","background-type":"","background-media":"","overlay-type":"","overlay-color":"","overlay-opacity":"","overlay-gradient":""},"tablet":{"background-color":"var(--ast-global-color-5)","background-image":"","background-repeat":"repeat","background-position":"center center","background-size":"auto","background-attachment":"scroll","background-type":"","background-media":"","overlay-type":"","overlay-color":"","overlay-opacity":"","overlay-gradient":""},"mobile":{"background-color":"var(--ast-global-color-5)","background-image":"","background-repeat":"repeat","background-position":"center center","background-size":"auto","background-attachment":"scroll","background-type":"","background-media":"","overlay-type":"","overlay-color":"","overlay-opacity":"","overlay-gradient":""}},"footnotes":""},"class_list":["post-6","page","type-page","status-publish","hentry"],"acf":[],"yoast_head":"<!-- This site is optimized with the Yoast SEO Premium plugin v22.7 (Yoast SEO v22.7) - https:\/\/yoast.com\/wordpress\/plugins\/seo\/ -->\n<title>Cart - Bymotorcar | Exportaci\u00f3n de veh\u00edculos chinos<\/title>\n<meta name=\"robots\" content=\"index, follow, max-snippet:-1, max-image-preview:large, max-video-preview:-1\" \/>\n<link rel=\"canonical\" href=\"https:\/\/bymotorcar.com\/es\/cart\/\" \/>\n<meta property=\"og:locale\" content=\"es_ES\" \/>\n<meta property=\"og:type\" content=\"article\" \/>\n<meta property=\"og:title\" content=\"Cart\" \/>\n<meta property=\"og:url\" content=\"https:\/\/bymotorcar.com\/es\/cart\/\" \/>\n<meta property=\"og:site_name\" content=\"Bymotorcar | Exportaci\u00f3n de veh\u00edculos chinos\" \/>\n<meta property=\"article:modified_time\" content=\"2026-05-07T15:21:33+00:00\" \/>\n<meta name=\"twitter:card\" content=\"summary_large_image\" \/>\n<script type=\"application\/ld+json\" class=\"yoast-schema-graph\">{\"@context\":\"https:\/\/schema.org\",\"@graph\":[{\"@type\":\"WebPage\",\"@id\":\"https:\/\/bymotorcar.com\/es\/cart\/\",\"url\":\"https:\/\/bymotorcar.com\/es\/cart\/\",\"name\":\"Cart - Bymotorcar | Exportaci\u00f3n de veh\u00edculos chinos\",\"isPartOf\":{\"@id\":\"https:\/\/bymotorcar.com\/es\/#website\"},\"datePublished\":\"2026-04-14T17:51:47+00:00\",\"dateModified\":\"2026-05-07T15:21:33+00:00\",\"breadcrumb\":{\"@id\":\"https:\/\/bymotorcar.com\/es\/cart\/#breadcrumb\"},\"inLanguage\":\"es\",\"potentialAction\":[{\"@type\":\"ReadAction\",\"target\":[\"https:\/\/bymotorcar.com\/es\/cart\/\"]}]},{\"@type\":\"BreadcrumbList\",\"@id\":\"https:\/\/bymotorcar.com\/es\/cart\/#breadcrumb\",\"itemListElement\":[{\"@type\":\"ListItem\",\"position\":1,\"name\":\"\u9996\u9875\",\"item\":\"https:\/\/bymotorcar.com\/es\/\"},{\"@type\":\"ListItem\",\"position\":2,\"name\":\"Cart\"}]},{\"@type\":\"WebSite\",\"@id\":\"https:\/\/bymotorcar.com\/es\/#website\",\"url\":\"https:\/\/bymotorcar.com\/es\/\",\"name\":\"Bymotorcar | Exportaci\u00f3n de veh\u00edculos chinos\",\"description\":\"\",\"potentialAction\":[{\"@type\":\"SearchAction\",\"target\":{\"@type\":\"EntryPoint\",\"urlTemplate\":\"https:\/\/bymotorcar.com\/es\/?s={search_term_string}\"},\"query-input\":\"required name=search_term_string\"}],\"inLanguage\":\"es\"}]}<\/script>\n<!-- \/ Yoast SEO Premium plugin. -->","yoast_head_json":{"title":"Cart - Bymotorcar | Exportaci\u00f3n de veh\u00edculos chinos","robots":{"index":"index","follow":"follow","max-snippet":"max-snippet:-1","max-image-preview":"max-image-preview:large","max-video-preview":"max-video-preview:-1"},"canonical":"https:\/\/bymotorcar.com\/es\/cart\/","og_locale":"es_ES","og_type":"article","og_title":"Cart","og_url":"https:\/\/bymotorcar.com\/es\/cart\/","og_site_name":"Bymotorcar | Exportaci\u00f3n de veh\u00edculos chinos","article_modified_time":"2026-05-07T15:21:33+00:00","twitter_card":"summary_large_image","schema":{"@context":"https:\/\/schema.org","@graph":[{"@type":"WebPage","@id":"https:\/\/bymotorcar.com\/es\/cart\/","url":"https:\/\/bymotorcar.com\/es\/cart\/","name":"Cart - Bymotorcar | Exportaci\u00f3n de veh\u00edculos chinos","isPartOf":{"@id":"https:\/\/bymotorcar.com\/es\/#website"},"datePublished":"2026-04-14T17:51:47+00:00","dateModified":"2026-05-07T15:21:33+00:00","breadcrumb":{"@id":"https:\/\/bymotorcar.com\/es\/cart\/#breadcrumb"},"inLanguage":"es","potentialAction":[{"@type":"ReadAction","target":["https:\/\/bymotorcar.com\/es\/cart\/"]}]},{"@type":"BreadcrumbList","@id":"https:\/\/bymotorcar.com\/es\/cart\/#breadcrumb","itemListElement":[{"@type":"ListItem","position":1,"name":"\u9996\u9875","item":"https:\/\/bymotorcar.com\/es\/"},{"@type":"ListItem","position":2,"name":"Cart"}]},{"@type":"WebSite","@id":"https:\/\/bymotorcar.com\/es\/#website","url":"https:\/\/bymotorcar.com\/es\/","name":"Bymotorcar | Exportaci\u00f3n de veh\u00edculos chinos","description":"","potentialAction":[{"@type":"SearchAction","target":{"@type":"EntryPoint","urlTemplate":"https:\/\/bymotorcar.com\/es\/?s={search_term_string}"},"query-input":"required name=search_term_string"}],"inLanguage":"es"}]}},"_links":{"self":[{"href":"https:\/\/bymotorcar.com\/es\/wp-json\/wp\/v2\/pages\/6","targetHints":{"allow":["GET"]}}],"collection":[{"href":"https:\/\/bymotorcar.com\/es\/wp-json\/wp\/v2\/pages"}],"about":[{"href":"https:\/\/bymotorcar.com\/es\/wp-json\/wp\/v2\/types\/page"}],"author":[{"embeddable":true,"href":"https:\/\/bymotorcar.com\/es\/wp-json\/wp\/v2\/users\/1"}],"replies":[{"embeddable":true,"href":"https:\/\/bymotorcar.com\/es\/wp-json\/wp\/v2\/comments?post=6"}],"version-history":[{"count":1,"href":"https:\/\/bymotorcar.com\/es\/wp-json\/wp\/v2\/pages\/6\/revisions"}],"predecessor-version":[{"id":42,"href":"https:\/\/bymotorcar.com\/es\/wp-json\/wp\/v2\/pages\/6\/revisions\/42"}],"wp:attachment":[{"href":"https:\/\/bymotorcar.com\/es\/wp-json\/wp\/v2\/media?parent=6"}],"curies":[{"name":"wp","href":"https:\/\/api.w.org\/{rel}","templated":true}]}}