{"id":2822,"date":"2024-07-23T09:36:58","date_gmt":"2024-07-23T09:36:58","guid":{"rendered":"https:\/\/bymotorcar.com\/?post_type=product&#038;p=2822"},"modified":"2024-08-03T12:12:45","modified_gmt":"2024-08-03T12:12:45","slug":"kia-seltos","status":"publish","type":"product","link":"https:\/\/bymotorcar.com\/pt\/product\/kia-seltos\/","title":{"rendered":"SELTOS"},"content":{"rendered":"<p>Kia Seltos Video\uff1a<\/p>\n<div style=\"width: 960px;\" class=\"wp-video\"><video class=\"wp-video-shortcode\" id=\"video-2822-1\" width=\"960\" height=\"540\" preload=\"metadata\" controls=\"controls\"><source type=\"video\/mp4\" src=\"https:\/\/bymotorcar.com\/wp-content\/uploads\/2024\/07\/3214366c8010245561525754778331_h264_def.mp4?_=1\" \/><a href=\"https:\/\/bymotorcar.com\/wp-content\/uploads\/2024\/07\/3214366c8010245561525754778331_h264_def.mp4\">https:\/\/bymotorcar.com\/wp-content\/uploads\/2024\/07\/3214366c8010245561525754778331_h264_def.mp4<\/a><\/video><\/div>\n<div class=\"auto-hide-last-sibling-br paragraph-u1TS5p paragraph-element br-paragraph-space\">\n<div class=\"auto-hide-last-sibling-br paragraph-u1TS5p paragraph-element br-paragraph-space\">The 2023 Kia Seltos is a subcompact SUV that offers a combination of style, practicality, and features.<\/div>\n<div class=\"auto-hide-last-sibling-br paragraph-u1TS5p paragraph-element br-paragraph-space\">It comes with two different four-cylinder engine options. The base 2.0-liter engine produces 146 horsepower, while the turbocharged 1.6-liter engine pumps out 175 horsepower. The turbocharged version provides more than adequate power, enabling a quick 6.6-second run to 60 mph (performance may vary depending on specific conditions).<\/div>\n<div class=\"auto-hide-last-sibling-br paragraph-u1TS5p paragraph-element br-paragraph-space\">In terms of dimensions, the Seltos places itself at the larger end of the subcompact SUV segment, giving it an advantage in interior volume compared to smaller rivals. This means more space for passengers and cargo.<\/div>\n<div class=\"auto-hide-last-sibling-br paragraph-u1TS5p paragraph-element br-paragraph-space\">The available trims include LX, S, EX, Nightfall Edition, and SX. The EX trim offers a good balance of features, including a sunroof, premium faux-leather upholstery, a 10-way power-adjustable driver&#8217;s seat, heated front seats, a wireless smartphone charging pad, and the larger 10.3-inch infotainment system with in-dash navigation. All-wheel drive is standard on most models except the base S trim.<\/div>\n<div class=\"auto-hide-last-sibling-br paragraph-u1TS5p paragraph-element br-paragraph-space\">For 2023, Kia has made some enhancements to the Seltos. All models now come with new acoustic glass windshields to help reduce road noise. The value-oriented S trim now includes rear cross-traffic alert with automated emergency braking and a blind-spot collision avoidance system as standard. It can also be ordered with the larger 10.3-inch infotainment touchscreen with navigation as an option.<\/div>\n<div class=\"auto-hide-last-sibling-br paragraph-u1TS5p paragraph-element br-paragraph-space\">When it comes to safety and technology, the Seltos follows Kia&#8217;s value-oriented formula by coming standard with popular driver-assistance tech.<\/div>\n<div class=\"auto-hide-last-sibling-br paragraph-u1TS5p paragraph-element br-paragraph-space\">Inside, the cabin has an upscale look and feel. The seats are comfortable, and the user-friendly infotainment system is a plus. However, some might find that the ride can feel too firm at times, and the base non-turbo engine lacks punch.<\/div>\n<div class=\"auto-hide-last-sibling-br paragraph-u1TS5p paragraph-element br-paragraph-space\">The 2023 Kia Seltos squeezes sufficient space and a likeable driving demeanor into a subcompact package, making it a worthy consideration in its class.<\/div>\n<\/div>\n<div>\n<table id=\"tablepress-35\" class=\"tablepress tablepress-id-35\">\n<thead>\n<tr class=\"row-1 odd\">\n\t<th colspan=\"2\" class=\"column-1\">Informa\u00e7\u00f5es B\u00e1sicas.<\/th>\n<\/tr>\n<\/thead>\n<tbody class=\"row-hover\">\n<tr class=\"row-2 even\">\n\t<td class=\"column-1\">Model No.<\/td><td class=\"column-2\">KIA SETUS<\/td>\n<\/tr>\n<tr class=\"row-3 odd\">\n\t<td class=\"column-1\"><span style=\"color:#222222;\">Vehicle Type:<\/span><\/td><td class=\"column-2\"><span style=\"color:#222222;\">SUV<\/span><\/td>\n<\/tr>\n<tr class=\"row-4 even\">\n\t<td class=\"column-1\"><span style=\"color:#222222;\">Steering:<\/span><\/td><td class=\"column-2\"><span style=\"color:#222222;\">Left hand drive<\/span><\/td>\n<\/tr>\n<tr class=\"row-5 odd\">\n\t<td class=\"column-1\"><span style=\"color:#222222;\">Engine:<\/span><\/td><td class=\"column-2\"><span style=\"color:#222222;\">1.5L 115hp L4 | 1.4T 140hp L4<\/span><\/td>\n<\/tr>\n<tr class=\"row-6 even\">\n\t<td class=\"column-1\"><span style=\"color:#222222;\">Transmission:<\/span><\/td><td class=\"column-2\"><span style=\"color:#222222;\">7 Speed-DCT | CVT<\/span><\/td>\n<\/tr>\n<tr class=\"row-7 odd\">\n\t<td class=\"column-1\"><span style=\"color:#222222;\">Maximum power(kW):<\/span><\/td><td class=\"column-2\"><span style=\"color:#222222;\">84.4kW | 103kW<\/span><\/td>\n<\/tr>\n<tr class=\"row-8 even\">\n\t<td class=\"column-1\"><span style=\"color:#222222;\">Maximum torque(N.m):<\/span><\/td><td class=\"column-2\"><span style=\"color:#222222;\">143.8N.m | 242N.m<\/span><\/td>\n<\/tr>\n<tr class=\"row-9 odd\">\n\t<td class=\"column-1\"><span style=\"color:#222222;\">Dimension(mm):<\/span><\/td><td class=\"column-2\"><span style=\"color:#222222;\">4385mm*1800mm*1650mm<\/span><\/td>\n<\/tr>\n<tr class=\"row-10 even\">\n\t<td class=\"column-1\"><span style=\"color:#222222;\">Wheelbase(mm):<\/span><\/td><td class=\"column-2\"><span style=\"color:#222222;\">2630mm<\/span><\/td>\n<\/tr>\n<tr class=\"row-11 odd\">\n\t<td class=\"column-1\"><span style=\"color:#222222;\">Body Structure:<\/span><\/td><td class=\"column-2\"><span style=\"color:#222222;\">5door 5-seat Suv<\/span><\/td>\n<\/tr>\n<tr class=\"row-12 even\">\n\t<td class=\"column-1\"><span style=\"color:#222222;\">Maximum speed(km\/h):<\/span><\/td><td class=\"column-2\"><span style=\"color:#222222;\">190km\/h<\/span><\/td>\n<\/tr>\n<tr class=\"row-13 odd\">\n\t<td class=\"column-1\"><span style=\"color:#222222;\">Fuel Tank Capacity(L):<\/span><\/td><td class=\"column-2\"><span style=\"color:#222222;\">50L<\/span><\/td>\n<\/tr>\n<tr class=\"row-14 even\">\n\t<td class=\"column-1\"><span style=\"color:#222222;\">Trunk volume (L):<\/span><\/td><td class=\"column-2\"><span style=\"color:#222222;\">429L<\/span><\/td>\n<\/tr>\n<tr class=\"row-15 odd\">\n\t<td class=\"column-1\"><span style=\"color:#222222;\">Model class:<\/span><\/td><td class=\"column-2\"><span style=\"color:#222222;\">Compact car<\/span><\/td>\n<\/tr>\n<tr class=\"row-16 even\">\n\t<td class=\"column-1\"><span style=\"color:#222222;\">Fuel type:<\/span><\/td><td class=\"column-2\"><span style=\"color:#222222;\">Gas\/Petrol<\/span><\/td>\n<\/tr>\n<tr class=\"row-17 odd\">\n\t<td class=\"column-1\"><span style=\"color:#222222;\">Front Suspension:<\/span><\/td><td class=\"column-2\"><span style=\"color:#222222;\">Macpherson<\/span><\/td>\n<\/tr>\n<tr class=\"row-18 even\">\n\t<td class=\"column-1\"><span style=\"color:#222222;\">Rear Suspension:<\/span><\/td><td class=\"column-2\"><span style=\"color:#222222;\">Torsion beam non - independent suspension<\/span><\/td>\n<\/tr>\n<tr class=\"row-19 odd\">\n\t<td class=\"column-1\"><span style=\"color:#222222;\">Steering System:<\/span><\/td><td class=\"column-2\"><span style=\"color:#222222;\">El\u00e9trica<\/span><\/td>\n<\/tr>\n<tr class=\"row-20 even\">\n\t<td class=\"column-1\"><span style=\"color:#222222;\">Cabin Structure:<\/span><\/td><td class=\"column-2\"><span style=\"color:#222222;\">Integral body<\/span><\/td>\n<\/tr>\n<tr class=\"row-21 odd\">\n\t<td class=\"column-1\"><span style=\"color:#222222;\">Drive type:<\/span><\/td><td class=\"column-2\"><span style=\"color:#222222;\">Front-engine Front-drive<\/span><\/td>\n<\/tr>\n<tr class=\"row-22 even\">\n\t<td class=\"column-1\"><span style=\"color:#222222;\">All-wheel-drive mode:<\/span><\/td><td class=\"column-2\"><span style=\"color:#222222;\">-<\/span><\/td>\n<\/tr>\n<tr class=\"row-23 odd\">\n\t<td class=\"column-1\"><span style=\"color:#222222;\">Front brake type:<\/span><\/td><td class=\"column-2\"><span style=\"color:#222222;\">Ventilated disc<\/span><\/td>\n<\/tr>\n<tr class=\"row-24 even\">\n\t<td class=\"column-1\"><span style=\"color:#222222;\">Rear brake type:<\/span><\/td><td class=\"column-2\"><span style=\"color:#222222;\">Disc<\/span><\/td>\n<\/tr>\n<tr class=\"row-25 odd\">\n\t<td class=\"column-1\"><span style=\"color:#222222;\">Parking Brake:<\/span><\/td><td class=\"column-2\"><span style=\"color:#222222;\">manual | Electric<\/span><\/td>\n<\/tr>\n<tr class=\"row-26 even\">\n\t<td class=\"column-1\"><span style=\"color:#222222;\">Tire size:<\/span><\/td><td class=\"column-2\"><span style=\"color:#222222;\">215\/60 R17 205\/65R16<\/span><\/td>\n<\/tr>\n<\/tbody>\n<\/table>\n<!-- #tablepress-35 from cache --><\/div>\n<div>Saiba Mais\uff1a<a href=\"http:\/\/www.kia.cn\">www.kia.cn<\/a><\/div>\n<div>Mais Produtos\uff1a<a href=\"https:\/\/bymotorcar.com\/pt\/products\/\">bymotorcar.com\/products\/<\/a><\/div>","protected":false},"excerpt":{"rendered":"<p class=\"sr-proMainInfo-baseInfoH1 J-baseInfo-name\">2023 KIA Seltos\u00a0 5-Seater Gasoline SUV<\/p>\n<p>Exterior Cor: Branco<br \/>\nDire\u00e7\u00e3o: Esquerda<br \/>\nLugares: 5<br \/>\nCaixa De Velocidades: Autom\u00e1tica<br \/>\nUnidade: FWD<br \/>\nDisplacement: 1.5L<\/p>","protected":false},"featured_media":2825,"template":"","meta":{"_acf_changed":false,"site-sidebar-layout":"default","site-content-layout":"","ast-site-content-layout":"default","site-content-style":"default","site-sidebar-style":"default","ast-global-header-display":"","ast-banner-title-visibility":"","ast-main-header-display":"","ast-hfb-above-header-display":"","ast-hfb-below-header-display":"","ast-hfb-mobile-header-display":"","site-post-title":"","ast-breadcrumbs-content":"","ast-featured-img":"","footer-sml-layout":"","theme-transparent-header-meta":"default","adv-header-id-meta":"","stick-header-meta":"","header-above-stick-meta":"","header-main-stick-meta":"","header-below-stick-meta":"","astra-migrate-meta-layouts":"set","ast-page-background-enabled":"default","ast-page-background-meta":{"desktop":{"background-color":"var(--ast-global-color-4)","background-image":"","background-repeat":"repeat","background-position":"center center","background-size":"auto","background-attachment":"scroll","background-type":"","background-media":"","overlay-type":"","overlay-color":"","overlay-opacity":"","overlay-gradient":""},"tablet":{"background-color":"","background-image":"","background-repeat":"repeat","background-position":"center center","background-size":"auto","background-attachment":"scroll","background-type":"","background-media":"","overlay-type":"","overlay-color":"","overlay-opacity":"","overlay-gradient":""},"mobile":{"background-color":"","background-image":"","background-repeat":"repeat","background-position":"center center","background-size":"auto","background-attachment":"scroll","background-type":"","background-media":"","overlay-type":"","overlay-color":"","overlay-opacity":"","overlay-gradient":""}},"ast-content-background-meta":{"desktop":{"background-color":"var(--ast-global-color-5)","background-image":"","background-repeat":"repeat","background-position":"center center","background-size":"auto","background-attachment":"scroll","background-type":"","background-media":"","overlay-type":"","overlay-color":"","overlay-opacity":"","overlay-gradient":""},"tablet":{"background-color":"var(--ast-global-color-5)","background-image":"","background-repeat":"repeat","background-position":"center center","background-size":"auto","background-attachment":"scroll","background-type":"","background-media":"","overlay-type":"","overlay-color":"","overlay-opacity":"","overlay-gradient":""},"mobile":{"background-color":"var(--ast-global-color-5)","background-image":"","background-repeat":"repeat","background-position":"center center","background-size":"auto","background-attachment":"scroll","background-type":"","background-media":"","overlay-type":"","overlay-color":"","overlay-opacity":"","overlay-gradient":""}}},"product_cat":[87],"product_tag":[88],"class_list":{"0":"post-2822","1":"product","2":"type-product","3":"status-publish","4":"has-post-thumbnail","6":"product_cat-kia","7":"product_tag-kia","8":"desktop-align-left","9":"tablet-align-left","10":"mobile-align-left","12":"first","13":"instock","14":"shipping-taxable","15":"product-type-simple"},"acf":{"model_year":"","fuel_type":"Gas","mileage":"0KM","car_condition":false,"vehicle_type":"Suv","seats_counts":5,"steering":"","price":"","brand":"","ext_color":"White"},"yoast_head":"<!-- This site is optimized with the Yoast SEO Premium plugin v22.7 (Yoast SEO v22.7) - https:\/\/yoast.com\/wordpress\/plugins\/seo\/ -->\n<title>KIA Seltos Hot-Sale 2023\u00a0 5-Seater Gasoline SUV\u00a0Specification - China Used Car Export-Shenzhen Boyue Automobile Service Co.,Ltd<\/title>\n<meta name=\"description\" content=\"2023 Kia Seltos is a subcompact SUV that offers a combination of style, practicality, and features.It comes with two different four-cylinder engine options\" \/>\n<meta name=\"robots\" content=\"index, follow, max-snippet:-1, max-image-preview:large, max-video-preview:-1\" \/>\n<link rel=\"canonical\" href=\"https:\/\/bymotorcar.com\/pt\/produto\/kia-seltos\/\" \/>\n<meta property=\"og:locale\" content=\"pt_BR\" \/>\n<meta property=\"og:type\" content=\"article\" \/>\n<meta property=\"og:title\" content=\"SELTOS\" \/>\n<meta property=\"og:description\" content=\"2023 Kia Seltos is a subcompact SUV that offers a combination of style, practicality, and features.It comes with two different four-cylinder engine options\" \/>\n<meta property=\"og:url\" content=\"https:\/\/bymotorcar.com\/pt\/produto\/kia-seltos\/\" \/>\n<meta property=\"og:site_name\" content=\"China Used Car Export-Shenzhen Boyue Automobile Service Co.,Ltd\" \/>\n<meta property=\"article:modified_time\" content=\"2024-08-03T12:12:45+00:00\" \/>\n<meta property=\"og:image\" content=\"https:\/\/bymotorcar.com\/wp-content\/uploads\/2024\/07\/10003-26.webp\" \/>\n\t<meta property=\"og:image:width\" content=\"800\" \/>\n\t<meta property=\"og:image:height\" content=\"800\" \/>\n\t<meta property=\"og:image:type\" content=\"image\/webp\" \/>\n<meta name=\"twitter:card\" content=\"summary_large_image\" \/>\n<meta name=\"twitter:label1\" content=\"Est. tempo de leitura\" \/>\n\t<meta name=\"twitter:data1\" content=\"2 minutos\" \/>\n<script type=\"application\/ld+json\" class=\"yoast-schema-graph\">{\"@context\":\"https:\/\/schema.org\",\"@graph\":[{\"@type\":\"WebPage\",\"@id\":\"https:\/\/bymotorcar.com\/product\/kia-seltos\/\",\"url\":\"https:\/\/bymotorcar.com\/product\/kia-seltos\/\",\"name\":\"KIA Seltos Hot-Sale 2023\u00a0 5-Seater Gasoline SUV\u00a0Specification - China Used Car Export-Shenzhen Boyue Automobile Service Co.,Ltd\",\"isPartOf\":{\"@id\":\"https:\/\/bymotorcar.com\/#website\"},\"primaryImageOfPage\":{\"@id\":\"https:\/\/bymotorcar.com\/product\/kia-seltos\/#primaryimage\"},\"image\":{\"@id\":\"https:\/\/bymotorcar.com\/product\/kia-seltos\/#primaryimage\"},\"thumbnailUrl\":\"https:\/\/bymotorcar.com\/wp-content\/uploads\/2024\/07\/10003-26.webp\",\"datePublished\":\"2024-07-23T09:36:58+00:00\",\"dateModified\":\"2024-08-03T12:12:45+00:00\",\"description\":\"2023 Kia Seltos is a subcompact SUV that offers a combination of style, practicality, and features.It comes with two different four-cylinder engine options\",\"breadcrumb\":{\"@id\":\"https:\/\/bymotorcar.com\/product\/kia-seltos\/#breadcrumb\"},\"inLanguage\":\"pt-BR\",\"potentialAction\":[{\"@type\":\"ReadAction\",\"target\":[\"https:\/\/bymotorcar.com\/product\/kia-seltos\/\"]}]},{\"@type\":\"ImageObject\",\"inLanguage\":\"pt-BR\",\"@id\":\"https:\/\/bymotorcar.com\/product\/kia-seltos\/#primaryimage\",\"url\":\"https:\/\/bymotorcar.com\/wp-content\/uploads\/2024\/07\/10003-26.webp\",\"contentUrl\":\"https:\/\/bymotorcar.com\/wp-content\/uploads\/2024\/07\/10003-26.webp\",\"width\":800,\"height\":800,\"caption\":\"KIA Seltos\"},{\"@type\":\"BreadcrumbList\",\"@id\":\"https:\/\/bymotorcar.com\/product\/kia-seltos\/#breadcrumb\",\"itemListElement\":[{\"@type\":\"ListItem\",\"position\":1,\"name\":\"\u9996\u9875\",\"item\":\"https:\/\/bymotorcar.com\/\"},{\"@type\":\"ListItem\",\"position\":2,\"name\":\"PRODUCTS\",\"item\":\"https:\/\/bymotorcar.com\/products\/\"},{\"@type\":\"ListItem\",\"position\":3,\"name\":\"SELTOS\"}]},{\"@type\":\"WebSite\",\"@id\":\"https:\/\/bymotorcar.com\/#website\",\"url\":\"https:\/\/bymotorcar.com\/\",\"name\":\"China Used Car Export-Shenzhen Boyue Automobile Service Co.,Ltd\",\"description\":\"\",\"publisher\":{\"@id\":\"https:\/\/bymotorcar.com\/#organization\"},\"potentialAction\":[{\"@type\":\"SearchAction\",\"target\":{\"@type\":\"EntryPoint\",\"urlTemplate\":\"https:\/\/bymotorcar.com\/?s={search_term_string}\"},\"query-input\":\"required name=search_term_string\"}],\"inLanguage\":\"pt-BR\"},{\"@type\":\"Organization\",\"@id\":\"https:\/\/bymotorcar.com\/#organization\",\"name\":\"China Used Car Export-Shenzhen Boyue Automobile Service Co.,Ltd\",\"url\":\"https:\/\/bymotorcar.com\/\",\"logo\":{\"@type\":\"ImageObject\",\"inLanguage\":\"pt-BR\",\"@id\":\"https:\/\/bymotorcar.com\/#\/schema\/logo\/image\/\",\"url\":\"https:\/\/bymotorcar.com\/wp-content\/uploads\/2024\/07\/cropped-cropped-BYMOTOR_\u753b\u677f-1-e1774866027953.jpg\",\"contentUrl\":\"https:\/\/bymotorcar.com\/wp-content\/uploads\/2024\/07\/cropped-cropped-BYMOTOR_\u753b\u677f-1-e1774866027953.jpg\",\"width\":442,\"height\":425,\"caption\":\"China Used Car Export-Shenzhen Boyue Automobile Service Co.,Ltd\"},\"image\":{\"@id\":\"https:\/\/bymotorcar.com\/#\/schema\/logo\/image\/\"}}]}<\/script>\n<!-- \/ Yoast SEO Premium plugin. -->","yoast_head_json":{"title":"KIA Seltos Hot-Sale 2023\u00a0 5-Seater Gasoline SUV\u00a0Specification - China Used Car Export-Shenzhen Boyue Automobile Service Co.,Ltd","description":"2023 Kia Seltos is a subcompact SUV that offers a combination of style, practicality, and features.It comes with two different four-cylinder engine options","robots":{"index":"index","follow":"follow","max-snippet":"max-snippet:-1","max-image-preview":"max-image-preview:large","max-video-preview":"max-video-preview:-1"},"canonical":"https:\/\/bymotorcar.com\/pt\/produto\/kia-seltos\/","og_locale":"pt_BR","og_type":"article","og_title":"SELTOS","og_description":"2023 Kia Seltos is a subcompact SUV that offers a combination of style, practicality, and features.It comes with two different four-cylinder engine options","og_url":"https:\/\/bymotorcar.com\/pt\/produto\/kia-seltos\/","og_site_name":"China Used Car Export-Shenzhen Boyue Automobile Service Co.,Ltd","article_modified_time":"2024-08-03T12:12:45+00:00","og_image":[{"width":800,"height":800,"url":"https:\/\/bymotorcar.com\/wp-content\/uploads\/2024\/07\/10003-26.webp","type":"image\/webp"}],"twitter_card":"summary_large_image","twitter_misc":{"Est. tempo de leitura":"2 minutos"},"schema":{"@context":"https:\/\/schema.org","@graph":[{"@type":"WebPage","@id":"https:\/\/bymotorcar.com\/product\/kia-seltos\/","url":"https:\/\/bymotorcar.com\/product\/kia-seltos\/","name":"KIA Seltos Hot-Sale 2023\u00a0 5-Seater Gasoline SUV\u00a0Specification - China Used Car Export-Shenzhen Boyue Automobile Service Co.,Ltd","isPartOf":{"@id":"https:\/\/bymotorcar.com\/#website"},"primaryImageOfPage":{"@id":"https:\/\/bymotorcar.com\/product\/kia-seltos\/#primaryimage"},"image":{"@id":"https:\/\/bymotorcar.com\/product\/kia-seltos\/#primaryimage"},"thumbnailUrl":"https:\/\/bymotorcar.com\/wp-content\/uploads\/2024\/07\/10003-26.webp","datePublished":"2024-07-23T09:36:58+00:00","dateModified":"2024-08-03T12:12:45+00:00","description":"2023 Kia Seltos is a subcompact SUV that offers a combination of style, practicality, and features.It comes with two different four-cylinder engine options","breadcrumb":{"@id":"https:\/\/bymotorcar.com\/product\/kia-seltos\/#breadcrumb"},"inLanguage":"pt-BR","potentialAction":[{"@type":"ReadAction","target":["https:\/\/bymotorcar.com\/product\/kia-seltos\/"]}]},{"@type":"ImageObject","inLanguage":"pt-BR","@id":"https:\/\/bymotorcar.com\/product\/kia-seltos\/#primaryimage","url":"https:\/\/bymotorcar.com\/wp-content\/uploads\/2024\/07\/10003-26.webp","contentUrl":"https:\/\/bymotorcar.com\/wp-content\/uploads\/2024\/07\/10003-26.webp","width":800,"height":800,"caption":"KIA Seltos"},{"@type":"BreadcrumbList","@id":"https:\/\/bymotorcar.com\/product\/kia-seltos\/#breadcrumb","itemListElement":[{"@type":"ListItem","position":1,"name":"\u9996\u9875","item":"https:\/\/bymotorcar.com\/"},{"@type":"ListItem","position":2,"name":"PRODUCTS","item":"https:\/\/bymotorcar.com\/products\/"},{"@type":"ListItem","position":3,"name":"SELTOS"}]},{"@type":"WebSite","@id":"https:\/\/bymotorcar.com\/#website","url":"https:\/\/bymotorcar.com\/","name":"China Used Car Export-Shenzhen Boyue Automobile Service Co.,Ltd","description":"","publisher":{"@id":"https:\/\/bymotorcar.com\/#organization"},"potentialAction":[{"@type":"SearchAction","target":{"@type":"EntryPoint","urlTemplate":"https:\/\/bymotorcar.com\/?s={search_term_string}"},"query-input":"required name=search_term_string"}],"inLanguage":"pt-BR"},{"@type":"Organization","@id":"https:\/\/bymotorcar.com\/#organization","name":"China Used Car Export-Shenzhen Boyue Automobile Service Co.,Ltd","url":"https:\/\/bymotorcar.com\/","logo":{"@type":"ImageObject","inLanguage":"pt-BR","@id":"https:\/\/bymotorcar.com\/#\/schema\/logo\/image\/","url":"https:\/\/bymotorcar.com\/wp-content\/uploads\/2024\/07\/cropped-cropped-BYMOTOR_\u753b\u677f-1-e1774866027953.jpg","contentUrl":"https:\/\/bymotorcar.com\/wp-content\/uploads\/2024\/07\/cropped-cropped-BYMOTOR_\u753b\u677f-1-e1774866027953.jpg","width":442,"height":425,"caption":"China Used Car Export-Shenzhen Boyue Automobile Service Co.,Ltd"},"image":{"@id":"https:\/\/bymotorcar.com\/#\/schema\/logo\/image\/"}}]}},"jetpack_sharing_enabled":true,"_links":{"self":[{"href":"https:\/\/bymotorcar.com\/pt\/wp-json\/wp\/v2\/product\/2822","targetHints":{"allow":["GET"]}}],"collection":[{"href":"https:\/\/bymotorcar.com\/pt\/wp-json\/wp\/v2\/product"}],"about":[{"href":"https:\/\/bymotorcar.com\/pt\/wp-json\/wp\/v2\/types\/product"}],"wp:featuredmedia":[{"embeddable":true,"href":"https:\/\/bymotorcar.com\/pt\/wp-json\/wp\/v2\/media\/2825"}],"wp:attachment":[{"href":"https:\/\/bymotorcar.com\/pt\/wp-json\/wp\/v2\/media?parent=2822"}],"wp:term":[{"taxonomy":"product_cat","embeddable":true,"href":"https:\/\/bymotorcar.com\/pt\/wp-json\/wp\/v2\/product_cat?post=2822"},{"taxonomy":"product_tag","embeddable":true,"href":"https:\/\/bymotorcar.com\/pt\/wp-json\/wp\/v2\/product_tag?post=2822"}],"curies":[{"name":"wp","href":"https:\/\/api.w.org\/{rel}","templated":true}]}}