{"id":2961,"date":"2024-07-25T16:24:07","date_gmt":"2024-07-25T16:24:07","guid":{"rendered":"https:\/\/bymotorcar.com\/?post_type=product&#038;p=2961"},"modified":"2026-03-23T07:15:35","modified_gmt":"2026-03-23T07:15:35","slug":"formula-leopard-5","status":"publish","type":"product","link":"https:\/\/bymotorcar.com\/pt\/product\/formula-leopard-5\/","title":{"rendered":"F\u00f3rmula Leopard 5"},"content":{"rendered":"<div class=\"message-box-content-wrapper-nDROih\">\n<div class=\"message-content message-box-content-lcvP3O receive-message-box-content-nIBmeh samantha-message-box-content-Yyzbw_\" data-testid=\"message_content\">\n<div class=\"container-p2nY4f flow-markdown-body theme-samantha-D0_4Ug\" dir=\"ltr\" data-testid=\"message_text_content\" data-show-indicator=\"false\">\n<div>\n<p>Video Of\u00a0 Formula Leopard 5:<\/p>\n<div style=\"width: 1920px;\" class=\"wp-video\"><video class=\"wp-video-shortcode\" id=\"video-2961-1\" width=\"1920\" height=\"1080\" preload=\"metadata\" controls=\"controls\"><source type=\"video\/mp4\" src=\"https:\/\/bymotorcar.com\/wp-content\/uploads\/2024\/07\/361d266afa10347301053089853685_h264_def.mp4?_=1\" \/><a href=\"https:\/\/bymotorcar.com\/wp-content\/uploads\/2024\/07\/361d266afa10347301053089853685_h264_def.mp4\">https:\/\/bymotorcar.com\/wp-content\/uploads\/2024\/07\/361d266afa10347301053089853685_h264_def.mp4<\/a><\/video><\/div>\n<\/div>\n<div class=\"auto-hide-last-sibling-br paragraph-u1TS5p paragraph-element br-paragraph-space\">The Formula Leopard 5 offers several versions, each with its own set of parameters. Here is an introduction to the parameters of different versions :<\/div>\n<div class=\"auto-hide-last-sibling-br paragraph-u1TS5p paragraph-element br-paragraph-space\">All versions are equipped with a power system consisting of a 1.5T engine and two electric motors at the front and rear. The combined maximum power of the system is 505kW (687PS), and the maximum combined torque reaches 760N\u00b7m. As a hybrid vehicle, it is equipped with a 31.8kW\u00b7h Blade battery, supporting 100kW DC fast charging. The charging time from 30% to 80% is 16 minutes. Additionally,it has a 20kW on-site power generation maximum power, and the vehicle&#8217;s overall range exceeds 1200km.<\/div>\n<div class=\"auto-hide-last-sibling-br paragraph-u1TS5p paragraph-element br-paragraph-space\">In terms of off-road performance, it has an approach angle of 39\u00b0, a longitudinal passage angle of 27\u00b0, and a departure angle of 35\u00b0. It is standard equipped with intelligent three locks, including a front differential lock, a rear differential lock, and an energy center lock, among which the energy center lock can complete the energy transfer between the front and rear axles within 10 milliseconds.<\/div>\n<div class=\"auto-hide-last-sibling-br paragraph-u1TS5p paragraph-element br-paragraph-space\">The length, width, and height of Formula Leopard 5 are 4890mm, 1970mm, and 1920mm respectively, with a wheelbase of 2800mm.<\/div>\n<div class=\"auto-hide-last-sibling-br paragraph-u1TS5p paragraph-element br-paragraph-space\">The specific parameters of each version are as follows:<\/div>\n<p><strong>Discovery Edition<\/strong>: The manufacturer&#8217;s suggested retail price is 289,800 yuan, with a curb weight of 2890kg. The WLTC pure electric range is 100km, the CLTC pure electric range is 125km, the official 0-100km\/h acceleration is 4.8 seconds, the WLTC combined fuel consumption is 1.81L\/100km, and the minimum fuel consumption in the low-charge state is 7.8L\/100km.<\/p>\n<p><strong>Pilot Edition<\/strong>: Priced at 309,800 yuan, some of its parameters are the same as the Discovery Edition.<\/p>\n<p><strong>Yunian Flagship Edition<\/strong>: With a price of 352,800 yuan, on the basis of the Discovery Edition, Formula Leopard 5 may be equipped with technologies or configurations related to Yunian to enhance the performance and comfort of the vehicle, but specific differences may require referring to the detailed configuration information of this version.<\/p>\n<\/div>\n<\/div>\n<\/div>\n<div class=\"answer-action-bar-Gh1aaF bottom-action-bar-wrapper-VQGIsb large-space-YpdUo1 answer-action-bar\" data-testid=\"message_action_bar\">\n<div class=\"container-dSZj4U container-do_QB2 bottom-action-bar-s9u6_o\">\n<div class=\"left-YPhUhu\">\n<div class=\"bp5-overflow-list overflow-list-LNuyRY\">\n<table id=\"tablepress-40\" class=\"tablepress tablepress-id-40\">\n<thead>\n<tr class=\"row-1 odd\">\n\t<th colspan=\"2\" class=\"column-1\">Informa\u00e7\u00f5es B\u00e1sicas.<\/th>\n<\/tr>\n<\/thead>\n<tbody class=\"row-hover\">\n<tr class=\"row-2 even\">\n\t<td class=\"column-1\">Model No.<\/td><td class=\"column-2\">F\u00f3rmula Leopard 5<\/td>\n<\/tr>\n<tr class=\"row-3 odd\">\n\t<td class=\"column-1\">Level:<\/td><td class=\"column-2\">Hardcore SUV<\/td>\n<\/tr>\n<tr class=\"row-4 even\">\n\t<td class=\"column-1\">Engine:<\/td><td class=\"column-2\">505kW<\/td>\n<\/tr>\n<tr class=\"row-5 odd\">\n\t<td class=\"column-1\">Power type:<\/td><td class=\"column-2\">Hybrid plugin<\/td>\n<\/tr>\n<tr class=\"row-6 even\">\n\t<td class=\"column-1\">Comprehensive maximum power (kW):<\/td><td class=\"column-2\">505<\/td>\n<\/tr>\n<tr class=\"row-7 odd\">\n\t<td class=\"column-1\">Comprehensive maximum torque (Nm):<\/td><td class=\"column-2\">760<\/td>\n<\/tr>\n<tr class=\"row-8 even\">\n\t<td class=\"column-1\">Transmission:<\/td><td class=\"column-2\">E-CVT<\/td>\n<\/tr>\n<tr class=\"row-9 odd\">\n\t<td class=\"column-1\">Length x width x height (mm):<\/td><td class=\"column-2\">4890x1970x1920<\/td>\n<\/tr>\n<tr class=\"row-10 even\">\n\t<td class=\"column-1\">Body structure:<\/td><td class=\"column-2\">5door 5seat SUV<\/td>\n<\/tr>\n<tr class=\"row-11 odd\">\n\t<td class=\"column-1\">Year of listing:<\/td><td class=\"column-2\">2023<\/td>\n<\/tr>\n<tr class=\"row-12 even\">\n\t<td class=\"column-1\">Maximum speed (km\/h):<\/td><td class=\"column-2\">180<\/td>\n<\/tr>\n<tr class=\"row-13 odd\">\n\t<td class=\"column-1\">Official 0-100km\/h acceleration time (s):<\/td><td class=\"column-2\">4.8<\/td>\n<\/tr>\n<tr class=\"row-14 even\">\n\t<td class=\"column-1\">WLTC comprehensive fuel consumption (L\/100km):<\/td><td class=\"column-2\">1.81<\/td>\n<\/tr>\n<tr class=\"row-15 odd\">\n\t<td class=\"column-1\">Minimum State of Charge Fuel Consumption (L\/100km):<\/td><td class=\"column-2\">7.8<\/td>\n<\/tr>\n<tr class=\"row-16 even\">\n\t<td class=\"column-1\">Wheelbase (mm):<\/td><td class=\"column-2\">2800<\/td>\n<\/tr>\n<tr class=\"row-17 odd\">\n\t<td class=\"column-1\">Curb weight (kg):<\/td><td class=\"column-2\">2890<\/td>\n<\/tr>\n<tr class=\"row-18 even\">\n\t<td class=\"column-1\">Total mass of trailer (kg):<\/td><td class=\"column-2\">2500<\/td>\n<\/tr>\n<tr class=\"row-19 odd\">\n\t<td class=\"column-1\">Minimum ground clearance (mm):<\/td><td class=\"column-2\">220<\/td>\n<\/tr>\n<tr class=\"row-20 even\">\n\t<td class=\"column-1\">Front wheelbase (mm):<\/td><td class=\"column-2\">1660<\/td>\n<\/tr>\n<tr class=\"row-21 odd\">\n\t<td class=\"column-1\">Rear wheelbase (mm):<\/td><td class=\"column-2\">1660<\/td>\n<\/tr>\n<tr class=\"row-22 even\">\n\t<td class=\"column-1\">Approach angle (\u63b3):<\/td><td class=\"column-2\">35<\/td>\n<\/tr>\n<tr class=\"row-23 odd\">\n\t<td class=\"column-1\">Passing angle (\u63b3):<\/td><td class=\"column-2\">20<\/td>\n<\/tr>\n<tr class=\"row-24 even\">\n\t<td class=\"column-1\">Departure angle (\u63b3):<\/td><td class=\"column-2\">32<\/td>\n<\/tr>\n<tr class=\"row-25 odd\">\n\t<td class=\"column-1\">Fuel tank volume (L):<\/td><td class=\"column-2\">83<\/td>\n<\/tr>\n<tr class=\"row-26 even\">\n\t<td class=\"column-1\">Displacement (L):<\/td><td class=\"column-2\">1.5<\/td>\n<\/tr>\n<tr class=\"row-27 odd\">\n\t<td class=\"column-1\">Displacement (mL):<\/td><td class=\"column-2\">1497<\/td>\n<\/tr>\n<tr class=\"row-28 even\">\n\t<td class=\"column-1\">Air intake form:<\/td><td class=\"column-2\">Turbo<\/td>\n<\/tr>\n<tr class=\"row-29 odd\">\n\t<td class=\"column-1\">Cylinder arrangement:<\/td><td class=\"column-2\">Straight (L-shaped)<\/td>\n<\/tr>\n<tr class=\"row-30 even\">\n\t<td class=\"column-1\">Number of cylinders:<\/td><td class=\"column-2\">4<\/td>\n<\/tr>\n<tr class=\"row-31 odd\">\n\t<td class=\"column-1\">Valve distribution mechanism:<\/td><td class=\"column-2\">DOHC<\/td>\n<\/tr>\n<tr class=\"row-32 even\">\n\t<td class=\"column-1\">Cylinder head material:<\/td><td class=\"column-2\">Aluminum alloy<\/td>\n<\/tr>\n<tr class=\"row-33 odd\">\n\t<td class=\"column-1\">Material of cylinder body:<\/td><td class=\"column-2\">Aluminum alloy<\/td>\n<\/tr>\n<tr class=\"row-34 even\">\n\t<td class=\"column-1\">Maximum horsepower (Ps):<\/td><td class=\"column-2\">194<\/td>\n<\/tr>\n<tr class=\"row-35 odd\">\n\t<td class=\"column-1\">Maximum power (kW):<\/td><td class=\"column-2\">143<\/td>\n<\/tr>\n<tr class=\"row-36 even\">\n\t<td class=\"column-1\">Maximum torque (Nm):<\/td><td class=\"column-2\">273<\/td>\n<\/tr>\n<tr class=\"row-37 odd\">\n\t<td class=\"column-1\">Fuel:<\/td><td class=\"column-2\">Gasolina<\/td>\n<\/tr>\n<tr class=\"row-38 even\">\n\t<td class=\"column-1\">Motor type:<\/td><td class=\"column-2\">Permanent magnet\/synchronous<\/td>\n<\/tr>\n<tr class=\"row-39 odd\">\n\t<td class=\"column-1\">Maximum power of electric motor (kW):<\/td><td class=\"column-2\">485<\/td>\n<\/tr>\n<tr class=\"row-40 even\">\n\t<td class=\"column-1\">Maximum torque of electric motor (Nm):<\/td><td class=\"column-2\">760<\/td>\n<\/tr>\n<tr class=\"row-41 odd\">\n\t<td class=\"column-1\">Maximum power of front motor (kW):<\/td><td class=\"column-2\">200<\/td>\n<\/tr>\n<tr class=\"row-42 even\">\n\t<td class=\"column-1\">Maximum torque of front motor (Nm):<\/td><td class=\"column-2\">360<\/td>\n<\/tr>\n<tr class=\"row-43 odd\">\n\t<td class=\"column-1\">Maximum power of rear motor (kW):<\/td><td class=\"column-2\">285<\/td>\n<\/tr>\n<tr class=\"row-44 even\">\n\t<td class=\"column-1\">Maximum torque of rear motor (Nm):<\/td><td class=\"column-2\">400<\/td>\n<\/tr>\n<tr class=\"row-45 odd\">\n\t<td class=\"column-1\">CLTC pure electric range (km):<\/td><td class=\"column-2\">125<\/td>\n<\/tr>\n<tr class=\"row-46 even\">\n\t<td class=\"column-1\">WLTC comprehensive range (km):<\/td><td class=\"column-2\">1200<\/td>\n<\/tr>\n<tr class=\"row-47 odd\">\n\t<td class=\"column-1\">Battery energy (kWh):<\/td><td class=\"column-2\">31.8kWh<\/td>\n<\/tr>\n<tr class=\"row-48 even\">\n\t<td class=\"column-1\">Battery type:<\/td><td class=\"column-2\">Lithium iron phosphate battery<\/td>\n<\/tr>\n<\/tbody>\n<\/table>\n<!-- #tablepress-40 from cache --><\/div>\n<div>Saiba Mais:<a href=\"http:\/\/www.bydglobal.com\">www.bydglobal.com<\/a><\/div>\n<div>Mais Produtos:<a href=\"https:\/\/bymotorcar.com\/pt\/products\/\">bymotorcar.com\/products\/<\/a><\/div>\n<\/div>\n<\/div>\n<\/div>","protected":false},"excerpt":{"rendered":"<p class=\"sr-proMainInfo-baseInfoH1 J-baseInfo-name\">Hot Sale Formula Leopard 5\u00a0 New Energy Car\u00a0 Smart SUV\u00a0 Used Car<\/p>\n<p>Usage: Touring Car, Commercial Vehicle, Family Car<br \/>\nTipo: SUV<br \/>\nService Life: 0<br \/>\nMileage: 0<br \/>\nDisplacement: 1.0-1.6L<br \/>\nCaixa De Velocidades: Autom\u00e1tica<\/p>","protected":false},"featured_media":3097,"template":"","meta":{"_acf_changed":false,"site-sidebar-layout":"default","site-content-layout":"","ast-site-content-layout":"default","site-content-style":"default","site-sidebar-style":"default","ast-global-header-display":"","ast-banner-title-visibility":"","ast-main-header-display":"","ast-hfb-above-header-display":"","ast-hfb-below-header-display":"","ast-hfb-mobile-header-display":"","site-post-title":"","ast-breadcrumbs-content":"","ast-featured-img":"","footer-sml-layout":"","theme-transparent-header-meta":"default","adv-header-id-meta":"","stick-header-meta":"","header-above-stick-meta":"","header-main-stick-meta":"","header-below-stick-meta":"","astra-migrate-meta-layouts":"set","ast-page-background-enabled":"default","ast-page-background-meta":{"desktop":{"background-color":"var(--ast-global-color-4)","background-image":"","background-repeat":"repeat","background-position":"center center","background-size":"auto","background-attachment":"scroll","background-type":"","background-media":"","overlay-type":"","overlay-color":"","overlay-opacity":"","overlay-gradient":""},"tablet":{"background-color":"","background-image":"","background-repeat":"repeat","background-position":"center center","background-size":"auto","background-attachment":"scroll","background-type":"","background-media":"","overlay-type":"","overlay-color":"","overlay-opacity":"","overlay-gradient":""},"mobile":{"background-color":"","background-image":"","background-repeat":"repeat","background-position":"center center","background-size":"auto","background-attachment":"scroll","background-type":"","background-media":"","overlay-type":"","overlay-color":"","overlay-opacity":"","overlay-gradient":""}},"ast-content-background-meta":{"desktop":{"background-color":"var(--ast-global-color-5)","background-image":"","background-repeat":"repeat","background-position":"center center","background-size":"auto","background-attachment":"scroll","background-type":"","background-media":"","overlay-type":"","overlay-color":"","overlay-opacity":"","overlay-gradient":""},"tablet":{"background-color":"var(--ast-global-color-5)","background-image":"","background-repeat":"repeat","background-position":"center center","background-size":"auto","background-attachment":"scroll","background-type":"","background-media":"","overlay-type":"","overlay-color":"","overlay-opacity":"","overlay-gradient":""},"mobile":{"background-color":"var(--ast-global-color-5)","background-image":"","background-repeat":"repeat","background-position":"center center","background-size":"auto","background-attachment":"scroll","background-type":"","background-media":"","overlay-type":"","overlay-color":"","overlay-opacity":"","overlay-gradient":""}}},"product_cat":[40],"product_tag":[41],"class_list":{"0":"post-2961","1":"product","2":"type-product","3":"status-publish","4":"has-post-thumbnail","6":"product_cat-suv","7":"product_tag-byd","8":"desktop-align-left","9":"tablet-align-left","10":"mobile-align-left","12":"first","13":"instock","14":"featured","15":"shipping-taxable","16":"product-type-simple"},"acf":{"model_year":"","fuel_type":"Gas","mileage":"0KM","car_condition":false,"vehicle_type":"Suv","seats_counts":5,"steering":"","price":"","brand":"","ext_color":"White"},"yoast_head":"<!-- This site is optimized with the Yoast SEO Premium plugin v22.7 (Yoast SEO v22.7) - https:\/\/yoast.com\/wordpress\/plugins\/seo\/ -->\n<title>Formula Leopard 5\u00a0 Hot-Sale SUV New Electric Vehicle Used Car - China Used Car Export-Shenzhen Boyue Automobile Service Co.,Ltd<\/title>\n<meta name=\"description\" content=\"Formula Leopard 5\u00a0 all versions are equipped with a power system consisting of a 1.5T engine and two electric motors at the front and rear.\" \/>\n<meta name=\"robots\" content=\"index, follow, max-snippet:-1, max-image-preview:large, max-video-preview:-1\" \/>\n<link rel=\"canonical\" href=\"https:\/\/bymotorcar.com\/pt\/produto\/formula-leopard-5\/\" \/>\n<meta property=\"og:locale\" content=\"pt_BR\" \/>\n<meta property=\"og:type\" content=\"article\" \/>\n<meta property=\"og:title\" content=\"Formula Leopard 5\" \/>\n<meta property=\"og:description\" content=\"Formula Leopard 5\u00a0 all versions are equipped with a power system consisting of a 1.5T engine and two electric motors at the front and rear.\" \/>\n<meta property=\"og:url\" content=\"https:\/\/bymotorcar.com\/pt\/produto\/formula-leopard-5\/\" \/>\n<meta property=\"og:site_name\" content=\"China Used Car Export-Shenzhen Boyue Automobile Service Co.,Ltd\" \/>\n<meta property=\"article:modified_time\" content=\"2026-03-23T07:15:35+00:00\" \/>\n<meta property=\"og:image\" content=\"https:\/\/bymotorcar.com\/wp-content\/uploads\/2024\/07\/10001-31.webp\" \/>\n\t<meta property=\"og:image:width\" content=\"1060\" \/>\n\t<meta property=\"og:image:height\" content=\"920\" \/>\n\t<meta property=\"og:image:type\" content=\"image\/webp\" \/>\n<meta name=\"twitter:card\" content=\"summary_large_image\" \/>\n<meta name=\"twitter:label1\" content=\"Est. tempo de leitura\" \/>\n\t<meta name=\"twitter:data1\" content=\"3 minutos\" \/>\n<script type=\"application\/ld+json\" class=\"yoast-schema-graph\">{\"@context\":\"https:\/\/schema.org\",\"@graph\":[{\"@type\":\"WebPage\",\"@id\":\"https:\/\/bymotorcar.com\/product\/formula-leopard-5\/\",\"url\":\"https:\/\/bymotorcar.com\/product\/formula-leopard-5\/\",\"name\":\"Formula Leopard 5\u00a0 Hot-Sale SUV New Electric Vehicle Used Car - China Used Car Export-Shenzhen Boyue Automobile Service Co.,Ltd\",\"isPartOf\":{\"@id\":\"https:\/\/bymotorcar.com\/#website\"},\"primaryImageOfPage\":{\"@id\":\"https:\/\/bymotorcar.com\/product\/formula-leopard-5\/#primaryimage\"},\"image\":{\"@id\":\"https:\/\/bymotorcar.com\/product\/formula-leopard-5\/#primaryimage\"},\"thumbnailUrl\":\"https:\/\/bymotorcar.com\/wp-content\/uploads\/2024\/07\/10001-31.webp\",\"datePublished\":\"2024-07-25T16:24:07+00:00\",\"dateModified\":\"2026-03-23T07:15:35+00:00\",\"description\":\"Formula Leopard 5\u00a0 all versions are equipped with a power system consisting of a 1.5T engine and two electric motors at the front and rear.\",\"breadcrumb\":{\"@id\":\"https:\/\/bymotorcar.com\/product\/formula-leopard-5\/#breadcrumb\"},\"inLanguage\":\"pt-BR\",\"potentialAction\":[{\"@type\":\"ReadAction\",\"target\":[\"https:\/\/bymotorcar.com\/product\/formula-leopard-5\/\"]}]},{\"@type\":\"ImageObject\",\"inLanguage\":\"pt-BR\",\"@id\":\"https:\/\/bymotorcar.com\/product\/formula-leopard-5\/#primaryimage\",\"url\":\"https:\/\/bymotorcar.com\/wp-content\/uploads\/2024\/07\/10001-31.webp\",\"contentUrl\":\"https:\/\/bymotorcar.com\/wp-content\/uploads\/2024\/07\/10001-31.webp\",\"width\":1060,\"height\":920,\"caption\":\"Formula Leopard 5\"},{\"@type\":\"BreadcrumbList\",\"@id\":\"https:\/\/bymotorcar.com\/product\/formula-leopard-5\/#breadcrumb\",\"itemListElement\":[{\"@type\":\"ListItem\",\"position\":1,\"name\":\"\u9996\u9875\",\"item\":\"https:\/\/bymotorcar.com\/\"},{\"@type\":\"ListItem\",\"position\":2,\"name\":\"PRODUCTS\",\"item\":\"https:\/\/bymotorcar.com\/products\/\"},{\"@type\":\"ListItem\",\"position\":3,\"name\":\"Formula Leopard 5\"}]},{\"@type\":\"WebSite\",\"@id\":\"https:\/\/bymotorcar.com\/#website\",\"url\":\"https:\/\/bymotorcar.com\/\",\"name\":\"China Used Car Export-Shenzhen Boyue Automobile Service Co.,Ltd\",\"description\":\"\",\"publisher\":{\"@id\":\"https:\/\/bymotorcar.com\/#organization\"},\"potentialAction\":[{\"@type\":\"SearchAction\",\"target\":{\"@type\":\"EntryPoint\",\"urlTemplate\":\"https:\/\/bymotorcar.com\/?s={search_term_string}\"},\"query-input\":\"required name=search_term_string\"}],\"inLanguage\":\"pt-BR\"},{\"@type\":\"Organization\",\"@id\":\"https:\/\/bymotorcar.com\/#organization\",\"name\":\"China Used Car Export-Shenzhen Boyue Automobile Service Co.,Ltd\",\"url\":\"https:\/\/bymotorcar.com\/\",\"logo\":{\"@type\":\"ImageObject\",\"inLanguage\":\"pt-BR\",\"@id\":\"https:\/\/bymotorcar.com\/#\/schema\/logo\/image\/\",\"url\":\"https:\/\/bymotorcar.com\/wp-content\/uploads\/2024\/07\/cropped-cropped-BYMOTOR_\u753b\u677f-1-e1774866027953.jpg\",\"contentUrl\":\"https:\/\/bymotorcar.com\/wp-content\/uploads\/2024\/07\/cropped-cropped-BYMOTOR_\u753b\u677f-1-e1774866027953.jpg\",\"width\":442,\"height\":425,\"caption\":\"China Used Car Export-Shenzhen Boyue Automobile Service Co.,Ltd\"},\"image\":{\"@id\":\"https:\/\/bymotorcar.com\/#\/schema\/logo\/image\/\"}}]}<\/script>\n<!-- \/ Yoast SEO Premium plugin. -->","yoast_head_json":{"title":"Formula Leopard 5\u00a0 Hot-Sale SUV New Electric Vehicle Used Car - China Used Car Export-Shenzhen Boyue Automobile Service Co.,Ltd","description":"Formula Leopard 5\u00a0 all versions are equipped with a power system consisting of a 1.5T engine and two electric motors at the front and rear.","robots":{"index":"index","follow":"follow","max-snippet":"max-snippet:-1","max-image-preview":"max-image-preview:large","max-video-preview":"max-video-preview:-1"},"canonical":"https:\/\/bymotorcar.com\/pt\/produto\/formula-leopard-5\/","og_locale":"pt_BR","og_type":"article","og_title":"Formula Leopard 5","og_description":"Formula Leopard 5\u00a0 all versions are equipped with a power system consisting of a 1.5T engine and two electric motors at the front and rear.","og_url":"https:\/\/bymotorcar.com\/pt\/produto\/formula-leopard-5\/","og_site_name":"China Used Car Export-Shenzhen Boyue Automobile Service Co.,Ltd","article_modified_time":"2026-03-23T07:15:35+00:00","og_image":[{"width":1060,"height":920,"url":"https:\/\/bymotorcar.com\/wp-content\/uploads\/2024\/07\/10001-31.webp","type":"image\/webp"}],"twitter_card":"summary_large_image","twitter_misc":{"Est. tempo de leitura":"3 minutos"},"schema":{"@context":"https:\/\/schema.org","@graph":[{"@type":"WebPage","@id":"https:\/\/bymotorcar.com\/product\/formula-leopard-5\/","url":"https:\/\/bymotorcar.com\/product\/formula-leopard-5\/","name":"Formula Leopard 5\u00a0 Hot-Sale SUV New Electric Vehicle Used Car - China Used Car Export-Shenzhen Boyue Automobile Service Co.,Ltd","isPartOf":{"@id":"https:\/\/bymotorcar.com\/#website"},"primaryImageOfPage":{"@id":"https:\/\/bymotorcar.com\/product\/formula-leopard-5\/#primaryimage"},"image":{"@id":"https:\/\/bymotorcar.com\/product\/formula-leopard-5\/#primaryimage"},"thumbnailUrl":"https:\/\/bymotorcar.com\/wp-content\/uploads\/2024\/07\/10001-31.webp","datePublished":"2024-07-25T16:24:07+00:00","dateModified":"2026-03-23T07:15:35+00:00","description":"Formula Leopard 5\u00a0 all versions are equipped with a power system consisting of a 1.5T engine and two electric motors at the front and rear.","breadcrumb":{"@id":"https:\/\/bymotorcar.com\/product\/formula-leopard-5\/#breadcrumb"},"inLanguage":"pt-BR","potentialAction":[{"@type":"ReadAction","target":["https:\/\/bymotorcar.com\/product\/formula-leopard-5\/"]}]},{"@type":"ImageObject","inLanguage":"pt-BR","@id":"https:\/\/bymotorcar.com\/product\/formula-leopard-5\/#primaryimage","url":"https:\/\/bymotorcar.com\/wp-content\/uploads\/2024\/07\/10001-31.webp","contentUrl":"https:\/\/bymotorcar.com\/wp-content\/uploads\/2024\/07\/10001-31.webp","width":1060,"height":920,"caption":"Formula Leopard 5"},{"@type":"BreadcrumbList","@id":"https:\/\/bymotorcar.com\/product\/formula-leopard-5\/#breadcrumb","itemListElement":[{"@type":"ListItem","position":1,"name":"\u9996\u9875","item":"https:\/\/bymotorcar.com\/"},{"@type":"ListItem","position":2,"name":"PRODUCTS","item":"https:\/\/bymotorcar.com\/products\/"},{"@type":"ListItem","position":3,"name":"Formula Leopard 5"}]},{"@type":"WebSite","@id":"https:\/\/bymotorcar.com\/#website","url":"https:\/\/bymotorcar.com\/","name":"China Used Car Export-Shenzhen Boyue Automobile Service Co.,Ltd","description":"","publisher":{"@id":"https:\/\/bymotorcar.com\/#organization"},"potentialAction":[{"@type":"SearchAction","target":{"@type":"EntryPoint","urlTemplate":"https:\/\/bymotorcar.com\/?s={search_term_string}"},"query-input":"required name=search_term_string"}],"inLanguage":"pt-BR"},{"@type":"Organization","@id":"https:\/\/bymotorcar.com\/#organization","name":"China Used Car Export-Shenzhen Boyue Automobile Service Co.,Ltd","url":"https:\/\/bymotorcar.com\/","logo":{"@type":"ImageObject","inLanguage":"pt-BR","@id":"https:\/\/bymotorcar.com\/#\/schema\/logo\/image\/","url":"https:\/\/bymotorcar.com\/wp-content\/uploads\/2024\/07\/cropped-cropped-BYMOTOR_\u753b\u677f-1-e1774866027953.jpg","contentUrl":"https:\/\/bymotorcar.com\/wp-content\/uploads\/2024\/07\/cropped-cropped-BYMOTOR_\u753b\u677f-1-e1774866027953.jpg","width":442,"height":425,"caption":"China Used Car Export-Shenzhen Boyue Automobile Service Co.,Ltd"},"image":{"@id":"https:\/\/bymotorcar.com\/#\/schema\/logo\/image\/"}}]}},"jetpack_sharing_enabled":true,"_links":{"self":[{"href":"https:\/\/bymotorcar.com\/pt\/wp-json\/wp\/v2\/product\/2961","targetHints":{"allow":["GET"]}}],"collection":[{"href":"https:\/\/bymotorcar.com\/pt\/wp-json\/wp\/v2\/product"}],"about":[{"href":"https:\/\/bymotorcar.com\/pt\/wp-json\/wp\/v2\/types\/product"}],"wp:featuredmedia":[{"embeddable":true,"href":"https:\/\/bymotorcar.com\/pt\/wp-json\/wp\/v2\/media\/3097"}],"wp:attachment":[{"href":"https:\/\/bymotorcar.com\/pt\/wp-json\/wp\/v2\/media?parent=2961"}],"wp:term":[{"taxonomy":"product_cat","embeddable":true,"href":"https:\/\/bymotorcar.com\/pt\/wp-json\/wp\/v2\/product_cat?post=2961"},{"taxonomy":"product_tag","embeddable":true,"href":"https:\/\/bymotorcar.com\/pt\/wp-json\/wp\/v2\/product_tag?post=2961"}],"curies":[{"name":"wp","href":"https:\/\/api.w.org\/{rel}","templated":true}]}}